{"id":2357,"date":"2013-05-02T19:22:42","date_gmt":"2013-05-02T17:22:42","guid":{"rendered":"http:\/\/pannergy1.sirsz.hu\/?page_id=2357"},"modified":"2023-06-26T11:32:53","modified_gmt":"2023-06-26T09:32:53","slug":"berekfurdo","status":"publish","type":"page","link":"https:\/\/pannergy.com\/en\/projects\/berekfurdo\/","title":{"rendered":"Berekf\u00fcrd\u0151"},"content":{"rendered":"","protected":false},"excerpt":{"rendered":"<p>With the investment, Berekf\u00fcrd\u0151 Energy Ltd uses the methane accompanying gas originating from the thermal wells of Berekf\u00fcrd\u0151 for the generation of electric power and heat, and then sells the produced energy.<\/p>\n","protected":false},"author":1,"featured_media":16923,"parent":2370,"menu_order":61,"comment_status":"open","ping_status":"open","template":"","meta":{"_acf_changed":false,"footnotes":""},"class_list":["post-2357","page","type-page","status-publish","has-post-thumbnail","hentry"],"acf":[],"aioseo_notices":[],"_links":{"self":[{"href":"https:\/\/pannergy.com\/en\/wp-json\/wp\/v2\/pages\/2357","targetHints":{"allow":["GET"]}}],"collection":[{"href":"https:\/\/pannergy.com\/en\/wp-json\/wp\/v2\/pages"}],"about":[{"href":"https:\/\/pannergy.com\/en\/wp-json\/wp\/v2\/types\/page"}],"author":[{"embeddable":true,"href":"https:\/\/pannergy.com\/en\/wp-json\/wp\/v2\/users\/1"}],"replies":[{"embeddable":true,"href":"https:\/\/pannergy.com\/en\/wp-json\/wp\/v2\/comments?post=2357"}],"version-history":[{"count":17,"href":"https:\/\/pannergy.com\/en\/wp-json\/wp\/v2\/pages\/2357\/revisions"}],"predecessor-version":[{"id":22530,"href":"https:\/\/pannergy.com\/en\/wp-json\/wp\/v2\/pages\/2357\/revisions\/22530"}],"up":[{"embeddable":true,"href":"https:\/\/pannergy.com\/en\/wp-json\/wp\/v2\/pages\/2370"}],"wp:featuredmedia":[{"embeddable":true,"href":"https:\/\/pannergy.com\/en\/wp-json\/wp\/v2\/media\/16923"}],"wp:attachment":[{"href":"https:\/\/pannergy.com\/en\/wp-json\/wp\/v2\/media?parent=2357"}],"curies":[{"name":"wp","href":"https:\/\/api.w.org\/{rel}","templated":true}]}}